{"id":140,"date":"2025-12-18T10:36:01","date_gmt":"2025-12-18T10:36:01","guid":{"rendered":"https:\/\/ignite.trithucmoi.us\/?page_id=140"},"modified":"2025-12-20T14:46:54","modified_gmt":"2025-12-20T14:46:54","slug":"tam-nhin-su-menh","status":"publish","type":"page","link":"https:\/\/ignitein.org\/en\/gioi-thieu\/tam-nhin-su-menh\/","title":{"rendered":"Vision - Mission"},"content":{"rendered":"<div data-elementor-type=\"wp-page\" data-elementor-id=\"140\" class=\"elementor elementor-140\">\n\t\t\t\t<div class=\"elementor-element elementor-element-a463fcc e-con-full e-flex e-con e-parent\" data-id=\"a463fcc\" data-element_type=\"container\">\n\t\t\t\t<div class=\"elementor-element elementor-element-1416536 elementor-widget elementor-widget-ignitein_about_tabs\" data-id=\"1416536\" data-element_type=\"widget\" data-widget_type=\"ignitein_about_tabs.default\">\n\t\t\t\t<div class=\"elementor-widget-container\">\n\t\t\t\t\t        <div class=\"ignitein-about-tabs\">\n            <div class=\"ignitein-about-tabs-wrapper\">\n                                    <a href=\"https:\/\/ignitein.org\/en\/gioi-thieu\/\" class=\"ignitein-about-tab\">\n                                                    <span class=\"ignitein-about-tab-icon\">\n                                <span class=\"dashicons dashicons-info\"><\/span>\n                            <\/span>\n                                                <span class=\"ignitein-about-tab-title\">About Us<\/span>\n                    <\/a>\n                                    <a href=\"https:\/\/ignitein.org\/en\/gioi-thieu\/tam-nhin-su-menh\/\" class=\"ignitein-about-tab active\">\n                                                    <span class=\"ignitein-about-tab-icon\">\n                                <span class=\"dashicons dashicons-visibility\"><\/span>\n                            <\/span>\n                                                <span class=\"ignitein-about-tab-title\">Vision - Mission<\/span>\n                    <\/a>\n                                    <a href=\"https:\/\/ignitein.org\/en\/gioi-thieu\/muc-tieu\/\" class=\"ignitein-about-tab\">\n                                                    <span class=\"ignitein-about-tab-icon\">\n                                <span class=\"dashicons dashicons-yes-alt\"><\/span>\n                            <\/span>\n                                                <span class=\"ignitein-about-tab-title\">Objectives<\/span>\n                    <\/a>\n                                    <a href=\"https:\/\/ignitein.org\/en\/gioi-thieu\/hoat-dong-chinh\/\" class=\"ignitein-about-tab\">\n                                                    <span class=\"ignitein-about-tab-icon\">\n                                <span class=\"dashicons dashicons-list-view\"><\/span>\n                            <\/span>\n                                                <span class=\"ignitein-about-tab-title\">Main Activities<\/span>\n                    <\/a>\n                                    <a href=\"https:\/\/ignitein.org\/en\/gioi-thieu\/doi-tac\/\" class=\"ignitein-about-tab\">\n                                                    <span class=\"ignitein-about-tab-icon\">\n                                <span class=\"dashicons dashicons-groups\"><\/span>\n                            <\/span>\n                                                <span class=\"ignitein-about-tab-title\">Partners<\/span>\n                    <\/a>\n                            <\/div>\n        <\/div>\n\n        <style>\n            .ignitein-about-tabs {\n                width: 100% !important;\n                background-color: #f0f4f8 !important;\n                background: #f0f4f8 !important;\n                padding: 15px 20px !important;\n                display: flex !important;\n                justify-content: center !important;\n                border-bottom: 2px solid #1b1d51 !important;\n                margin-top: 30px !important;\n                margin-bottom: 30px !important;\n            }\n            .ignitein-about-tabs-wrapper {\n                display: flex !important;\n                flex-wrap: nowrap !important;\n                justify-content: center !important;\n                align-items: stretch !important;\n                gap: 0 !important;\n                background-color: #ffffff !important;\n                background: #ffffff !important;\n                border-radius: 6px !important;\n                overflow: hidden !important;\n                box-shadow: 0 2px 8px rgba(0,0,0,0.1) !important;\n            }\n            .ignitein-about-tab {\n                display: inline-flex !important;\n                align-items: center !important;\n                justify-content: center !important;\n                gap: 10px !important;\n                padding: 14px 28px !important;\n                font-size: 13px !important;\n                font-weight: 600 !important;\n                text-decoration: none !important;\n                text-transform: uppercase !important;\n                letter-spacing: 0.5px !important;\n                color: #1b1d51 !important;\n                background-color: #ffffff !important;\n                background: #ffffff !important;\n                transition: all 0.25s ease !important;\n                border: none !important;\n                border-right: 1px solid #e5e7eb !important;\n                white-space: nowrap !important;\n            }\n            .ignitein-about-tab:last-child {\n                border-right: none !important;\n            }\n            .ignitein-about-tab:hover {\n                background-color: #e0f7fa !important;\n                background: #e0f7fa !important;\n                color: #1b1d51 !important;\n            }\n            .ignitein-about-tab.active {\n                background-color: var(--ignitein-secondary, #ed7526) !important;\n                background: var(--ignitein-secondary, #ed7526) !important;\n                color: #ffffff !important;\n            }\n            .ignitein-about-tab.active:hover {\n                background-color: #00acc1 !important;\n                background: #00acc1 !important;\n            }\n            .ignitein-about-tab.active .ignitein-about-tab-icon {\n                color: #ffffff !important;\n                border-color: #ffffff;\n            }\n            .ignitein-about-tab.active .ignitein-about-tab-icon i,\n            .ignitein-about-tab.active .ignitein-about-tab-icon svg {\n                color: #ffffff !important;\n                fill: #ffffff !important;\n            }\n            .ignitein-about-tab-icon {\n                display: inline-flex;\n                align-items: center;\n                justify-content: center;\n                width: 26px;\n                height: 26px;\n                border: 2px solid currentColor;\n                border-radius: 50%;\n                flex-shrink: 0;\n            }\n            .ignitein-about-tab-icon svg {\n                width: 14px !important;\n                height: 14px !important;\n                fill: currentColor !important;\n            }\n            .ignitein-about-tab-icon i {\n                font-size: 12px !important;\n                line-height: 1 !important;\n                color: inherit !important;\n            }\n            .ignitein-about-tab-title {\n                white-space: nowrap;\n            }\n            \n            \/* Tablet *\/\n            @media (max-width: 1024px) {\n                .ignitein-about-tabs {\n                    padding: 12px 15px;\n                    overflow-x: auto;\n                    justify-content: flex-start;\n                    -webkit-overflow-scrolling: touch;\n                    scrollbar-width: none;\n                    -ms-overflow-style: none;\n                }\n                .ignitein-about-tabs::-webkit-scrollbar {\n                    display: none;\n                }\n                .ignitein-about-tabs-wrapper {\n                    flex-shrink: 0;\n                }\n                .ignitein-about-tab {\n                    padding: 12px 20px;\n                    font-size: 12px;\n                }\n                .ignitein-about-tab-icon {\n                    width: 20px;\n                    height: 20px;\n                    font-size: 10px;\n                }\n            }\n            \n            \/* Mobile *\/\n            @media (max-width: 640px) {\n                .ignitein-about-tabs {\n                    padding: 10px;\n                }\n                .ignitein-about-tab {\n                    padding: 10px 16px;\n                    font-size: 11px;\n                    gap: 8px;\n                }\n                .ignitein-about-tab-icon {\n                    width: 18px;\n                    height: 18px;\n                    font-size: 9px;\n                    border-width: 1.5px;\n                }\n                .ignitein-about-tab-icon svg {\n                    width: 10px;\n                    height: 10px;\n                }\n            }\n        <\/style>\n        \t\t\t\t<\/div>\n\t\t\t\t<\/div>\n\t\t\t\t<\/div>\n\t\t<div class=\"elementor-element elementor-element-e868086 e-con-full e-flex e-con e-parent\" data-id=\"e868086\" data-element_type=\"container\">\n\t\t\t\t<div class=\"elementor-element elementor-element-0e3cf48 elementor-widget elementor-widget-ignitein_vision_mission\" data-id=\"0e3cf48\" data-element_type=\"widget\" data-widget_type=\"ignitein_vision_mission.default\">\n\t\t\t\t<div class=\"elementor-widget-container\">\n\t\t\t\t\t        <div class=\"vision-mission-section vm-theme-light\">\n            <div class=\"vm-container\">\n                \n                <!-- Items -->\n                <div class=\"vm-items\" data-count=\"3\">\n                                            <div class=\"vm-item\">\n                            <div class=\"vm-item-icon-wrapper\">\n                                <div class=\"vm-item-icon\">\n                                    <svg aria-hidden=\"true\" class=\"e-font-icon-svg e-far-eye\" viewbox=\"0 0 576 512\" xmlns=\"http:\/\/www.w3.org\/2000\/svg\"><path d=\"M288 144a110.94 110.94 0 0 0-31.24 5 55.4 55.4 0 0 1 7.24 27 56 56 0 0 1-56 56 55.4 55.4 0 0 1-27-7.24A111.71 111.71 0 1 0 288 144zm284.52 97.4C518.29 135.59 410.93 64 288 64S57.68 135.64 3.48 241.41a32.35 32.35 0 0 0 0 29.19C57.71 376.41 165.07 448 288 448s230.32-71.64 284.52-177.41a32.35 32.35 0 0 0 0-29.19zM288 400c-98.65 0-189.09-55-237.93-144C98.91 167 189.34 112 288 112s189.09 55 237.93 144C477.1 345 386.66 400 288 400z\"><\/path><\/svg>                                <\/div>\n                                                                    <div class=\"vm-connector\"><\/div>\n                                                            <\/div>\n                            <h3 class=\"vm-item-title\">VISION<\/h3>\n                            <p class=\"vm-item-desc\">To become a leading Think Tank in theory, science and technology strategy, and solutions for building a future society based on Technology and Education.<\/p>\n                        <\/div>\n                                            <div class=\"vm-item\">\n                            <div class=\"vm-item-icon-wrapper\">\n                                <div class=\"vm-item-icon\">\n                                    <svg aria-hidden=\"true\" class=\"e-font-icon-svg e-fas-bullseye\" viewbox=\"0 0 496 512\" xmlns=\"http:\/\/www.w3.org\/2000\/svg\"><path d=\"M248 8C111.03 8 0 119.03 0 256s111.03 248 248 248 248-111.03 248-248S384.97 8 248 8zm0 432c-101.69 0-184-82.29-184-184 0-101.69 82.29-184 184-184 101.69 0 184 82.29 184 184 0 101.69-82.29 184-184 184zm0-312c-70.69 0-128 57.31-128 128s57.31 128 128 128 128-57.31 128-128-57.31-128-128-128zm0 192c-35.29 0-64-28.71-64-64s28.71-64 64-64 64 28.71 64 64-28.71 64-64 64z\"><\/path><\/svg>                                <\/div>\n                                                                    <div class=\"vm-connector\"><\/div>\n                                                            <\/div>\n                            <h3 class=\"vm-item-title\">MISSION<\/h3>\n                            <p class=\"vm-item-desc\">To construct new and advanced thinking frameworks to prepare for the era of Global Awakening and Vietnam\u2019s breakthrough development.<\/p>\n                        <\/div>\n                                            <div class=\"vm-item\">\n                            <div class=\"vm-item-icon-wrapper\">\n                                <div class=\"vm-item-icon\">\n                                    <svg aria-hidden=\"true\" class=\"e-font-icon-svg e-fas-atom\" viewbox=\"0 0 448 512\" xmlns=\"http:\/\/www.w3.org\/2000\/svg\"><path d=\"M223.99908,224a32,32,0,1,0,32.00782,32A32.06431,32.06431,0,0,0,223.99908,224Zm214.172-96c-10.877-19.5-40.50979-50.75-116.27544-41.875C300.39168,34.875,267.63386,0,223.99908,0s-76.39066,34.875-97.89653,86.125C50.3369,77.375,20.706,108.5,9.82907,128-6.54984,157.375-5.17484,201.125,34.958,256-5.17484,310.875-6.54984,354.625,9.82907,384c29.13087,52.375,101.64652,43.625,116.27348,41.875C147.60842,477.125,180.36429,512,223.99908,512s76.3926-34.875,97.89652-86.125c14.62891,1.75,87.14456,10.5,116.27544-41.875C454.55,354.625,453.175,310.875,413.04017,256,453.175,201.125,454.55,157.375,438.171,128ZM63.33886,352c-4-7.25-.125-24.75,15.00391-48.25,6.87695,6.5,14.12891,12.875,21.88087,19.125,1.625,13.75,4,27.125,6.75,40.125C82.34472,363.875,67.09081,358.625,63.33886,352Zm36.88478-162.875c-7.752,6.25-15.00392,12.625-21.88087,19.125-15.12891-23.5-19.00392-41-15.00391-48.25,3.377-6.125,16.37891-11.5,37.88478-11.5,1.75,0,3.875.375,5.75.375C104.09864,162.25,101.84864,175.625,100.22364,189.125ZM223.99908,64c9.50195,0,22.25586,13.5,33.88282,37.25-11.252,3.75-22.50391,8-33.88282,12.875-11.377-4.875-22.62892-9.125-33.88283-12.875C201.74516,77.5,214.49712,64,223.99908,64Zm0,384c-9.502,0-22.25392-13.5-33.88283-37.25,11.25391-3.75,22.50587-8,33.88283-12.875C235.378,402.75,246.62994,407,257.8819,410.75,246.25494,434.5,233.501,448,223.99908,448Zm0-112a80,80,0,1,1,80-80A80.00023,80.00023,0,0,1,223.99908,336ZM384.6593,352c-3.625,6.625-19.00392,11.875-43.63479,11,2.752-13,5.127-26.375,6.752-40.125,7.75195-6.25,15.00391-12.625,21.87891-19.125C384.7843,327.25,388.6593,344.75,384.6593,352ZM369.65538,208.25c-6.875-6.5-14.127-12.875-21.87891-19.125-1.625-13.5-3.875-26.875-6.752-40.25,1.875,0,4.002-.375,5.752-.375,21.50391,0,34.50782,5.375,37.88283,11.5C388.6593,167.25,384.7843,184.75,369.65538,208.25Z\"><\/path><\/svg>                                <\/div>\n                                                            <\/div>\n                            <h3 class=\"vm-item-title\">CORE VALUES<\/h3>\n                            <p class=\"vm-item-desc\">Innovative Culture \u2013 Awakened Humanity \u2013 Soft Power.<\/p>\n                        <\/div>\n                                    <\/div>\n            <\/div>\n        <\/div>\n\n        <style>\n            \/* Base Styles *\/\n            .vision-mission-section {\n                padding: 20px 20px 40px 20px;\n                width: 100%;\n            }\n            .vm-container {\n                max-width: 1200px;\n                margin: 0 auto;\n            }\n            .vm-header {\n                text-align: center;\n                margin-bottom: 50px;\n            }\n            .vm-subtitle {\n                font-size: 14px;\n                font-style: italic;\n                margin: 0 0 10px 0;\n            }\n            .vm-title {\n                font-size: 36px;\n                font-weight: 300;\n                margin: 0;\n                letter-spacing: 1px;\n            }\n            \n            \/* Items Grid *\/\n            .vm-items {\n                display: grid;\n                grid-template-columns: repeat(3, 1fr);\n                gap: 0;\n                position: relative;\n            }\n            .vm-item {\n                text-align: center;\n                position: relative;\n                padding: 0 15px;\n            }\n            \n            \/* Icon *\/\n            .vm-item-icon-wrapper {\n                display: flex;\n                align-items: center;\n                justify-content: center;\n                margin-bottom: 20px;\n                position: relative;\n            }\n            .vm-item-icon {\n                width: 90px;\n                height: 90px;\n                border: 2px solid;\n                border-radius: 50%;\n                display: flex;\n                align-items: center;\n                justify-content: center;\n                font-size: 40px;\n                position: relative;\n                z-index: 2;\n            }\n            .vm-item-icon svg {\n                width: 40px;\n                height: 40px;\n            }\n            \n            \/* Connector Line - hide the old element *\/\n            .vm-connector {\n                display: none;\n            }\n            \n            \/* Connector using pseudo-element *\/\n            .vm-item:not(:last-child)::after {\n                content: '';\n                position: absolute;\n                top: 45px;\n                right: -15px;\n                width: 30px;\n                height: 2px;\n                z-index: 1;\n            }\n            \n            \/* Title & Description *\/\n            .vm-item-title {\n                font-size: 20px;\n                font-weight: 600;\n                margin: 0 0 15px 0;\n            }\n            .vm-item-desc {\n                font-size: 14px;\n                line-height: 1.7;\n                margin: 0;\n                padding: 0 10px;\n            }\n            \n            \/* ============ DARK THEME ============ *\/\n            .vm-theme-dark {\n                background-color: #1b1d51;\n            }\n            .vm-theme-dark .vm-subtitle {\n                color: rgba(255,255,255,0.7);\n            }\n            .vm-theme-dark .vm-title {\n                color: #ffffff;\n            }\n            .vm-theme-dark .vm-item-icon {\n                color: rgba(255,255,255,0.9);\n                border-color: rgba(255,255,255,0.5);\n                background-color: #1b1d51;\n            }\n            .vm-theme-dark .vm-item-icon svg {\n                fill: rgba(255,255,255,0.9);\n            }\n            .vm-theme-dark .vm-item::after {\n                background-color: rgba(255,255,255,0.3);\n            }\n            .vm-theme-dark .vm-item-title {\n                color: #ffffff;\n            }\n            .vm-theme-dark .vm-item-desc {\n                color: rgba(255,255,255,0.75);\n            }\n            \n            \/* ============ LIGHT THEME ============ *\/\n            .vm-theme-light {\n                background-color: #ffffff;\n            }\n            .vm-theme-light .vm-subtitle {\n                color: #6b7280;\n            }\n            .vm-theme-light .vm-title {\n                color: #1b1d51;\n            }\n            .vm-theme-light .vm-item-icon {\n                color: var(--ignitein-secondary, #ed7526) !important;\n                border-color: var(--ignitein-secondary, #ed7526) !important;\n                background-color: #ffffff !important;\n            }\n            .vm-theme-light .vm-item-icon i {\n                color: var(--ignitein-secondary, #ed7526) !important;\n            }\n            .vm-theme-light .vm-item-icon svg {\n                fill: var(--ignitein-secondary, #ed7526) !important;\n                color: var(--ignitein-secondary, #ed7526) !important;\n            }\n            .vm-theme-light .vm-item-icon svg path {\n                fill: var(--ignitein-secondary, #ed7526) !important;\n            }\n            .vm-theme-light .vm-item::after {\n                background-color: #e5e7eb;\n            }\n            .vm-theme-light .vm-item-title {\n                color: #1b1d51;\n            }\n            .vm-theme-light .vm-item-desc {\n                color: #4b5563;\n            }\n            \n            \/* Responsive *\/\n            @media (max-width: 1024px) {\n                .vm-title {\n                    font-size: 28px;\n                }\n                .vm-item::after {\n                    display: none;\n                }\n            }\n            \n            @media (max-width: 768px) {\n                .vision-mission-section {\n                    padding: 30px 20px;\n                }\n                .vm-items {\n                    grid-template-columns: 1fr;\n                    gap: 30px;\n                }\n                .vm-item {\n                    padding: 0;\n                }\n                .vm-title {\n                    font-size: 24px;\n                }\n                .vm-item-icon {\n                    width: 80px;\n                    height: 80px;\n                    font-size: 35px;\n                }\n                .vm-item-icon svg {\n                    width: 35px;\n                    height: 35px;\n                }\n            }\n        <\/style>\n        \t\t\t\t<\/div>\n\t\t\t\t<\/div>\n\t\t\t\t<\/div>\n\t\t\t\t<\/div>","protected":false},"excerpt":{"rendered":"<p>Gi\u1edbi thi\u1ec7u T\u1ea7m nh\u00ecn \u2013 S\u1ee9 m\u1ec7nh M\u1ee5c ti\u00eau Ho\u1ea1t \u0111\u1ed9ng ch\u00ednh \u0110\u1ed1i t\u00e1c T\u1ea7m nh\u00ecn Tr\u1edf th\u00e0nh Thinktank h\u00e0ng \u0111\u1ea7u v\u1ec1 h\u1ecdc thuy\u1ebft, chi\u1ebfn&hellip;<\/p>","protected":false},"author":1,"featured_media":0,"parent":138,"menu_order":0,"comment_status":"closed","ping_status":"closed","template":"template-elementor-no-hero.php","meta":{"footnotes":""},"class_list":["post-140","page","type-page","status-publish","hentry"],"_links":{"self":[{"href":"https:\/\/ignitein.org\/en\/wp-json\/wp\/v2\/pages\/140","targetHints":{"allow":["GET"]}}],"collection":[{"href":"https:\/\/ignitein.org\/en\/wp-json\/wp\/v2\/pages"}],"about":[{"href":"https:\/\/ignitein.org\/en\/wp-json\/wp\/v2\/types\/page"}],"author":[{"embeddable":true,"href":"https:\/\/ignitein.org\/en\/wp-json\/wp\/v2\/users\/1"}],"replies":[{"embeddable":true,"href":"https:\/\/ignitein.org\/en\/wp-json\/wp\/v2\/comments?post=140"}],"version-history":[{"count":22,"href":"https:\/\/ignitein.org\/en\/wp-json\/wp\/v2\/pages\/140\/revisions"}],"predecessor-version":[{"id":243,"href":"https:\/\/ignitein.org\/en\/wp-json\/wp\/v2\/pages\/140\/revisions\/243"}],"up":[{"embeddable":true,"href":"https:\/\/ignitein.org\/en\/wp-json\/wp\/v2\/pages\/138"}],"wp:attachment":[{"href":"https:\/\/ignitein.org\/en\/wp-json\/wp\/v2\/media?parent=140"}],"curies":[{"name":"wp","href":"https:\/\/api.w.org\/{rel}","templated":true}]}}